{"id":934,"date":"2025-05-16T16:15:20","date_gmt":"2025-05-16T16:15:20","guid":{"rendered":"https:\/\/anabarbickaticic.hr\/fifa-trophy\/"},"modified":"2025-06-18T19:01:25","modified_gmt":"2025-06-18T19:01:25","slug":"fifa-trophy","status":"publish","type":"page","link":"https:\/\/anabarbickaticic.hr\/en\/fifa-trophy\/","title":{"rendered":"FIFA trophy"},"content":{"rendered":"\t\t<div data-elementor-type=\"wp-page\" data-elementor-id=\"934\" class=\"elementor elementor-934 elementor-121\" data-elementor-post-type=\"page\">\n\t\t\t\t<div class=\"elementor-element elementor-element-4c628ea e-flex e-con-boxed e-con e-parent\" data-id=\"4c628ea\" data-element_type=\"container\" data-e-type=\"container\">\n\t\t\t\t\t<div class=\"e-con-inner\">\n\t\t<div class=\"elementor-element elementor-element-99b067a e-con-full e-flex e-con e-child\" data-id=\"99b067a\" data-element_type=\"container\" data-e-type=\"container\">\n\t\t<div class=\"elementor-element elementor-element-25f253e e-con-full e-flex e-con e-child\" data-id=\"25f253e\" data-element_type=\"container\" data-e-type=\"container\">\n\t\t<div class=\"elementor-element elementor-element-5e8939c e-con-full e-flex e-con e-child\" data-id=\"5e8939c\" data-element_type=\"container\" data-e-type=\"container\">\n\t\t\t\t<div class=\"elementor-element elementor-element-3eff925 elementor-widget-tablet__width-inherit elementor-invisible elementor-widget elementor-widget-heading\" data-id=\"3eff925\" data-element_type=\"widget\" data-e-type=\"widget\" data-settings=\"{&quot;_animation&quot;:&quot;fadeInUp&quot;}\" data-widget_type=\"heading.default\">\n\t\t\t\t<div class=\"elementor-widget-container\">\n\t\t\t\t\t<h4 class=\"elementor-heading-title elementor-size-default\">\u201cFIFA THE BEST FOOTBALL AWARDS\u201d trophy design<\/h4>\t\t\t\t<\/div>\n\t\t\t\t<\/div>\n\t\t\t\t<\/div>\n\t\t\t\t<\/div>\n\t\t\t\t<div class=\"elementor-element elementor-element-0cd4a5e elementor-widget-divider--view-line elementor-widget elementor-widget-divider\" data-id=\"0cd4a5e\" data-element_type=\"widget\" data-e-type=\"widget\" data-widget_type=\"divider.default\">\n\t\t\t\t<div class=\"elementor-widget-container\">\n\t\t\t\t\t\t\t<div class=\"elementor-divider\">\n\t\t\t<span class=\"elementor-divider-separator\">\n\t\t\t\t\t\t<\/span>\n\t\t<\/div>\n\t\t\t\t\t\t<\/div>\n\t\t\t\t<\/div>\n\t\t<div class=\"elementor-element elementor-element-8cd5c8b e-con-full e-flex e-con e-child\" data-id=\"8cd5c8b\" data-element_type=\"container\" data-e-type=\"container\">\n\t\t<div class=\"elementor-element elementor-element-32c9632 e-con-full e-flex e-con e-child\" data-id=\"32c9632\" data-element_type=\"container\" data-e-type=\"container\">\n\t\t\t\t<div class=\"elementor-element elementor-element-e4d9305 elementor-drop-cap-yes elementor-drop-cap-view-default elementor-invisible elementor-widget elementor-widget-text-editor\" data-id=\"e4d9305\" data-element_type=\"widget\" data-e-type=\"widget\" data-settings=\"{&quot;drop_cap&quot;:&quot;yes&quot;,&quot;_animation&quot;:&quot;fadeInUp&quot;}\" data-widget_type=\"text-editor.default\">\n\t\t\t\t<div class=\"elementor-widget-container\">\n\t\t\t\t\t\t\t\t\t<p data-start=\"126\" data-end=\"238\"><span class=\"relative -mx-px my-[-0.2rem] rounded px-px py-[0.2rem] transition-colors duration-100 ease-in-out\">Ana Barbi\u0107 Kati\u010di\u0107 designed the \u201c<span data-olk-copy-source=\"MessageBody\">FIFA THE BEST FOOTBALL AWARDS<\/span>\u201d trophy, which was awarded for the first time on 9<sup>th<\/sup> January 2017. in Zurich. <\/span> <span class=\"relative -mx-px my-[-0.2rem] rounded px-px py-[0.2rem] transition-colors duration-100 ease-in-out\">This prestigious trophy is the result of collaboration with the legendary Zvonimir Boban, who initiated the project.<\/span><\/p><h5 data-start=\"240\" data-end=\"265\">Inspiration and concept<\/h5><p data-start=\"267\" data-end=\"383\"><span class=\"relative -mx-px my-[-0.2rem] rounded px-px py-[0.2rem] transition-colors duration-100 ease-in-out\">The design of the trophy is based on respect for the tradition of football and the identity of FIFA.<\/span> <span class=\"relative -mx-px my-[-0.2rem] rounded px-px py-[0.2rem] transition-colors duration-100 ease-in-out\">The shape of the trophy is reminiscent of the iconic FIFA World Cup logo, and the ball on top symbolizes the history of football, specifically the final of the first World Cup between Uruguay and Argentina in 1930. year. <\/span><\/p><h5 data-start=\"385\" data-end=\"405\">Technical performance<\/h5><p data-start=\"407\" data-end=\"525\"><span class=\"relative -mx-px my-[-0.2rem] rounded px-px py-[0.2rem] transition-colors duration-100 ease-in-out\">The trophy is made with cutting-edge technology, including elements used in the aerospace industry and Formula 1.<\/span> <span class=\"relative -mx-px my-[-0.2rem] rounded px-px py-[0.2rem] transition-colors duration-100 ease-in-out\">It weighs 6.4 kilograms and consists of five parts: the lower part, the base, the carbon part, the body and the ball on top.<\/span><\/p><h5 data-start=\"527\" data-end=\"547\">Aesthetic approach<\/h5><p data-start=\"549\" data-end=\"667\"><span class=\"relative -mx-px my-[-0.2rem] rounded px-px py-[0.2rem] transition-colors duration-100 ease-in-out\">Ana Barbi\u0107 Kati\u010di\u0107 was guided by the principles of simplicity and minimalism, believing that they best reflect the true values \u200b\u200bof the World Football Federation.<\/span> <span class=\"relative -mx-px my-[-0.2rem] rounded px-px py-[0.2rem] transition-colors duration-100 ease-in-out\">The trophy combines classic conventions with a modern approach, creating a postmodern object that celebrates the history of football and its future.<\/span><\/p>\t\t\t\t\t\t\t\t<\/div>\n\t\t\t\t<\/div>\n\t\t\t\t<div class=\"elementor-element elementor-element-5da8184 elementor-widget-tablet__width-inherit elementor-widget elementor-widget-image\" data-id=\"5da8184\" data-element_type=\"widget\" data-e-type=\"widget\" data-widget_type=\"image.default\">\n\t\t\t\t<div class=\"elementor-widget-container\">\n\t\t\t\t\t\t\t\t\t\t\t\t\t\t\t\t<a href=\"https:\/\/www.youtube.com\/watch?v=Ou7jJJfT1bQ\" target=\"_blank\">\n\t\t\t\t\t\t\t<img fetchpriority=\"high\" decoding=\"async\" width=\"560\" height=\"315\" src=\"https:\/\/anabarbickaticic.hr\/wp-content\/uploads\/2025\/05\/fifa-video-link.gif\" class=\"attachment-full size-full wp-image-846\" alt=\"\" \/>\t\t\t\t\t\t\t\t<\/a>\n\t\t\t\t\t\t\t\t\t\t\t\t\t\t\t<\/div>\n\t\t\t\t<\/div>\n\t\t\t\t<\/div>\n\t\t<div class=\"elementor-element elementor-element-2b5173f e-con-full e-flex e-con e-child\" data-id=\"2b5173f\" data-element_type=\"container\" data-e-type=\"container\">\n\t\t\t\t<div class=\"elementor-element elementor-element-4e25e94 elementor-widget elementor-widget-gallery\" data-id=\"4e25e94\" data-element_type=\"widget\" data-e-type=\"widget\" data-settings=\"{&quot;gallery_layout&quot;:&quot;justified&quot;,&quot;ideal_row_height&quot;:{&quot;unit&quot;:&quot;px&quot;,&quot;size&quot;:275,&quot;sizes&quot;:[]},&quot;gap&quot;:{&quot;unit&quot;:&quot;px&quot;,&quot;size&quot;:20,&quot;sizes&quot;:[]},&quot;ideal_row_height_mobile&quot;:{&quot;unit&quot;:&quot;px&quot;,&quot;size&quot;:220,&quot;sizes&quot;:[]},&quot;lazyload&quot;:&quot;yes&quot;,&quot;ideal_row_height_tablet&quot;:{&quot;unit&quot;:&quot;px&quot;,&quot;size&quot;:150,&quot;sizes&quot;:[]},&quot;gap_tablet&quot;:{&quot;unit&quot;:&quot;px&quot;,&quot;size&quot;:10,&quot;sizes&quot;:[]},&quot;gap_mobile&quot;:{&quot;unit&quot;:&quot;px&quot;,&quot;size&quot;:10,&quot;sizes&quot;:[]},&quot;link_to&quot;:&quot;file&quot;,&quot;overlay_background&quot;:&quot;yes&quot;,&quot;content_hover_animation&quot;:&quot;fade-in&quot;}\" data-widget_type=\"gallery.default\">\n\t\t\t\t<div class=\"elementor-widget-container\">\n\t\t\t\t\t\t\t<div class=\"elementor-gallery__container\">\n\t\t\t\t\t\t\t<a class=\"e-gallery-item elementor-gallery-item elementor-animated-content\" href=\"https:\/\/anabarbickaticic.hr\/wp-content\/uploads\/2025\/05\/trofeo-the-best-fifa.jpg\" data-elementor-open-lightbox=\"yes\" data-elementor-lightbox-slideshow=\"4e25e94\" data-e-action-hash=\"#elementor-action%3Aaction%3Dlightbox%26settings%3DeyJpZCI6MTk3LCJ1cmwiOiJodHRwczpcL1wvYW5hYmFyYmlja2F0aWNpYy5oclwvd3AtY29udGVudFwvdXBsb2Fkc1wvMjAyNVwvMDVcL3Ryb2Zlby10aGUtYmVzdC1maWZhLmpwZyIsInNsaWRlc2hvdyI6IjRlMjVlOTQifQ%3D%3D\">\n\t\t\t\t\t<div class=\"e-gallery-image elementor-gallery-item__image\" data-thumbnail=\"https:\/\/anabarbickaticic.hr\/wp-content\/uploads\/2025\/05\/trofeo-the-best-fifa.jpg\" data-width=\"1000\" data-height=\"563\" aria-label=\"\" role=\"img\" ><\/div>\n\t\t\t\t\t\t\t\t\t\t\t<div class=\"elementor-gallery-item__overlay\"><\/div>\n\t\t\t\t\t\t\t\t\t\t\t\t\t\t<\/a>\n\t\t\t\t\t\t\t<a class=\"e-gallery-item elementor-gallery-item elementor-animated-content\" href=\"https:\/\/anabarbickaticic.hr\/wp-content\/uploads\/2025\/05\/Ana.jpg\" data-elementor-open-lightbox=\"yes\" data-elementor-lightbox-slideshow=\"4e25e94\" data-e-action-hash=\"#elementor-action%3Aaction%3Dlightbox%26settings%3DeyJpZCI6MTk1LCJ1cmwiOiJodHRwczpcL1wvYW5hYmFyYmlja2F0aWNpYy5oclwvd3AtY29udGVudFwvdXBsb2Fkc1wvMjAyNVwvMDVcL0FuYS5qcGciLCJzbGlkZXNob3ciOiI0ZTI1ZTk0In0%3D\">\n\t\t\t\t\t<div class=\"e-gallery-image elementor-gallery-item__image\" data-thumbnail=\"https:\/\/anabarbickaticic.hr\/wp-content\/uploads\/2025\/05\/Ana.jpg\" data-width=\"680\" data-height=\"424\" aria-label=\"\" role=\"img\" ><\/div>\n\t\t\t\t\t\t\t\t\t\t\t<div class=\"elementor-gallery-item__overlay\"><\/div>\n\t\t\t\t\t\t\t\t\t\t\t\t\t\t<\/a>\n\t\t\t\t\t\t\t<a class=\"e-gallery-item elementor-gallery-item elementor-animated-content\" href=\"https:\/\/anabarbickaticic.hr\/wp-content\/uploads\/2025\/05\/modric_pehar_web_size.jpg\" data-elementor-open-lightbox=\"yes\" data-elementor-lightbox-slideshow=\"4e25e94\" data-e-action-hash=\"#elementor-action%3Aaction%3Dlightbox%26settings%3DeyJpZCI6MTk2LCJ1cmwiOiJodHRwczpcL1wvYW5hYmFyYmlja2F0aWNpYy5oclwvd3AtY29udGVudFwvdXBsb2Fkc1wvMjAyNVwvMDVcL21vZHJpY19wZWhhcl93ZWJfc2l6ZS5qcGciLCJzbGlkZXNob3ciOiI0ZTI1ZTk0In0%3D\">\n\t\t\t\t\t<div class=\"e-gallery-image elementor-gallery-item__image\" data-thumbnail=\"https:\/\/anabarbickaticic.hr\/wp-content\/uploads\/2025\/05\/modric_pehar_web_size.jpg\" data-width=\"801\" data-height=\"771\" aria-label=\"\" role=\"img\" ><\/div>\n\t\t\t\t\t\t\t\t\t\t\t<div class=\"elementor-gallery-item__overlay\"><\/div>\n\t\t\t\t\t\t\t\t\t\t\t\t\t\t<\/a>\n\t\t\t\t\t\t\t<a class=\"e-gallery-item elementor-gallery-item elementor-animated-content\" href=\"https:\/\/anabarbickaticic.hr\/wp-content\/uploads\/2025\/05\/mali_modric_ana.jpg\" data-elementor-open-lightbox=\"yes\" data-elementor-lightbox-slideshow=\"4e25e94\" data-e-action-hash=\"#elementor-action%3Aaction%3Dlightbox%26settings%3DeyJpZCI6MzE3LCJ1cmwiOiJodHRwczpcL1wvYW5hYmFyYmlja2F0aWNpYy5oclwvd3AtY29udGVudFwvdXBsb2Fkc1wvMjAyNVwvMDVcL21hbGlfbW9kcmljX2FuYS5qcGciLCJzbGlkZXNob3ciOiI0ZTI1ZTk0In0%3D\">\n\t\t\t\t\t<div class=\"e-gallery-image elementor-gallery-item__image\" data-thumbnail=\"https:\/\/anabarbickaticic.hr\/wp-content\/uploads\/2025\/05\/mali_modric_ana.jpg\" data-width=\"236\" data-height=\"315\" aria-label=\"\" role=\"img\" ><\/div>\n\t\t\t\t\t\t\t\t\t\t\t<div class=\"elementor-gallery-item__overlay\"><\/div>\n\t\t\t\t\t\t\t\t\t\t\t\t\t\t<\/a>\n\t\t\t\t\t<\/div>\n\t\t\t\t\t<\/div>\n\t\t\t\t<\/div>\n\t\t\t\t<\/div>\n\t\t\t\t<\/div>\n\t\t\t\t<\/div>\n\t\t\t\t\t<\/div>\n\t\t\t\t<\/div>\n\t\t\t\t<\/div>\n\t\t","protected":false},"excerpt":{"rendered":"<p>\u201cFIFA THE BEST FOOTBALL AWARDS\u201d trophy design Ana Barbi\u0107 Kati\u010di\u0107 designed the \u201cFIFA THE BEST FOOTBALL AWARDS\u201d trophy, which was awarded for the first time on 9th January 2017. in Zurich. This prestigious trophy is the result of collaboration with the legendary Zvonimir Boban, who initiated the project. Inspiration and concept The design of the [&hellip;]<\/p>\n","protected":false},"author":1,"featured_media":0,"parent":0,"menu_order":0,"comment_status":"closed","ping_status":"closed","template":"","meta":{"footnotes":""},"class_list":["post-934","page","type-page","status-publish","hentry"],"yoast_head":"<!-- This site is optimized with the Yoast SEO plugin v27.1.1 - https:\/\/yoast.com\/product\/yoast-seo-wordpress\/ -->\n<title>FIFA trophy - Ana Barbi\u0107 Kati\u010di\u0107<\/title>\n<meta name=\"robots\" content=\"index, follow, max-snippet:-1, max-image-preview:large, max-video-preview:-1\" \/>\n<link rel=\"canonical\" href=\"https:\/\/anabarbickaticic.hr\/en\/fifa-trophy\/\" \/>\n<meta property=\"og:locale\" content=\"en_US\" \/>\n<meta property=\"og:type\" content=\"article\" \/>\n<meta property=\"og:title\" content=\"FIFA trophy - Ana Barbi\u0107 Kati\u010di\u0107\" \/>\n<meta property=\"og:description\" content=\"\u201cFIFA THE BEST FOOTBALL AWARDS\u201d trophy design Ana Barbi\u0107 Kati\u010di\u0107 designed the \u201cFIFA THE BEST FOOTBALL AWARDS\u201d trophy, which was awarded for the first time on 9th January 2017. in Zurich. This prestigious trophy is the result of collaboration with the legendary Zvonimir Boban, who initiated the project. Inspiration and concept The design of the [&hellip;]\" \/>\n<meta property=\"og:url\" content=\"https:\/\/anabarbickaticic.hr\/en\/fifa-trophy\/\" \/>\n<meta property=\"og:site_name\" content=\"Ana Barbi\u0107 Kati\u010di\u0107\" \/>\n<meta property=\"article:modified_time\" content=\"2025-06-18T19:01:25+00:00\" \/>\n<meta property=\"og:image\" content=\"https:\/\/anabarbickaticic.hr\/wp-content\/uploads\/2025\/05\/fifa-video-link.gif\" \/>\n\t<meta property=\"og:image:width\" content=\"560\" \/>\n\t<meta property=\"og:image:height\" content=\"315\" \/>\n\t<meta property=\"og:image:type\" content=\"image\/gif\" \/>\n<meta name=\"twitter:card\" content=\"summary_large_image\" \/>\n<meta name=\"twitter:label1\" content=\"Est. reading time\" \/>\n\t<meta name=\"twitter:data1\" content=\"1 minute\" \/>\n<script type=\"application\/ld+json\" class=\"yoast-schema-graph\">{\"@context\":\"https:\/\/schema.org\",\"@graph\":[{\"@type\":\"WebPage\",\"@id\":\"https:\/\/anabarbickaticic.hr\/en\/fifa-trophy\/\",\"url\":\"https:\/\/anabarbickaticic.hr\/en\/fifa-trophy\/\",\"name\":\"FIFA trophy - Ana Barbi\u0107 Kati\u010di\u0107\",\"isPartOf\":{\"@id\":\"https:\/\/anabarbickaticic.hr\/en\/#website\"},\"primaryImageOfPage\":{\"@id\":\"https:\/\/anabarbickaticic.hr\/en\/fifa-trophy\/#primaryimage\"},\"image\":{\"@id\":\"https:\/\/anabarbickaticic.hr\/en\/fifa-trophy\/#primaryimage\"},\"thumbnailUrl\":\"https:\/\/anabarbickaticic.hr\/wp-content\/uploads\/2025\/05\/fifa-video-link.gif\",\"datePublished\":\"2025-05-16T16:15:20+00:00\",\"dateModified\":\"2025-06-18T19:01:25+00:00\",\"breadcrumb\":{\"@id\":\"https:\/\/anabarbickaticic.hr\/en\/fifa-trophy\/#breadcrumb\"},\"inLanguage\":\"en-US\",\"potentialAction\":[{\"@type\":\"ReadAction\",\"target\":[\"https:\/\/anabarbickaticic.hr\/en\/fifa-trophy\/\"]}]},{\"@type\":\"ImageObject\",\"inLanguage\":\"en-US\",\"@id\":\"https:\/\/anabarbickaticic.hr\/en\/fifa-trophy\/#primaryimage\",\"url\":\"https:\/\/anabarbickaticic.hr\/wp-content\/uploads\/2025\/05\/fifa-video-link.gif\",\"contentUrl\":\"https:\/\/anabarbickaticic.hr\/wp-content\/uploads\/2025\/05\/fifa-video-link.gif\"},{\"@type\":\"BreadcrumbList\",\"@id\":\"https:\/\/anabarbickaticic.hr\/en\/fifa-trophy\/#breadcrumb\",\"itemListElement\":[{\"@type\":\"ListItem\",\"position\":1,\"name\":\"Po\u010detna stranica\",\"item\":\"https:\/\/anabarbickaticic.hr\/en\/homepage\/\"},{\"@type\":\"ListItem\",\"position\":2,\"name\":\"FIFA trophy\"}]},{\"@type\":\"WebSite\",\"@id\":\"https:\/\/anabarbickaticic.hr\/en\/#website\",\"url\":\"https:\/\/anabarbickaticic.hr\/en\/\",\"name\":\"Ana Barbi\u0107 Kati\u010di\u0107\",\"description\":\"\",\"publisher\":{\"@id\":\"https:\/\/anabarbickaticic.hr\/en\/#organization\"},\"potentialAction\":[{\"@type\":\"SearchAction\",\"target\":{\"@type\":\"EntryPoint\",\"urlTemplate\":\"https:\/\/anabarbickaticic.hr\/en\/?s={search_term_string}\"},\"query-input\":{\"@type\":\"PropertyValueSpecification\",\"valueRequired\":true,\"valueName\":\"search_term_string\"}}],\"inLanguage\":\"en-US\"},{\"@type\":\"Organization\",\"@id\":\"https:\/\/anabarbickaticic.hr\/en\/#organization\",\"name\":\"Ana Barbi\u0107 Kati\u010di\u0107\",\"url\":\"https:\/\/anabarbickaticic.hr\/en\/\",\"logo\":{\"@type\":\"ImageObject\",\"inLanguage\":\"en-US\",\"@id\":\"https:\/\/anabarbickaticic.hr\/en\/#\/schema\/logo\/image\/\",\"url\":\"https:\/\/anabarbickaticic.hr\/wp-content\/uploads\/2025\/06\/edra28_sa1-080618-scaled.jpg\",\"contentUrl\":\"https:\/\/anabarbickaticic.hr\/wp-content\/uploads\/2025\/06\/edra28_sa1-080618-scaled.jpg\",\"width\":1707,\"height\":2560,\"caption\":\"Ana Barbi\u0107 Kati\u010di\u0107\"},\"image\":{\"@id\":\"https:\/\/anabarbickaticic.hr\/en\/#\/schema\/logo\/image\/\"}}]}<\/script>\n<!-- \/ Yoast SEO plugin. -->","yoast_head_json":{"title":"FIFA trophy - Ana Barbi\u0107 Kati\u010di\u0107","robots":{"index":"index","follow":"follow","max-snippet":"max-snippet:-1","max-image-preview":"max-image-preview:large","max-video-preview":"max-video-preview:-1"},"canonical":"https:\/\/anabarbickaticic.hr\/en\/fifa-trophy\/","og_locale":"en_US","og_type":"article","og_title":"FIFA trophy - Ana Barbi\u0107 Kati\u010di\u0107","og_description":"\u201cFIFA THE BEST FOOTBALL AWARDS\u201d trophy design Ana Barbi\u0107 Kati\u010di\u0107 designed the \u201cFIFA THE BEST FOOTBALL AWARDS\u201d trophy, which was awarded for the first time on 9th January 2017. in Zurich. This prestigious trophy is the result of collaboration with the legendary Zvonimir Boban, who initiated the project. Inspiration and concept The design of the [&hellip;]","og_url":"https:\/\/anabarbickaticic.hr\/en\/fifa-trophy\/","og_site_name":"Ana Barbi\u0107 Kati\u010di\u0107","article_modified_time":"2025-06-18T19:01:25+00:00","og_image":[{"width":560,"height":315,"url":"https:\/\/anabarbickaticic.hr\/wp-content\/uploads\/2025\/05\/fifa-video-link.gif","type":"image\/gif"}],"twitter_card":"summary_large_image","twitter_misc":{"Est. reading time":"1 minute"},"schema":{"@context":"https:\/\/schema.org","@graph":[{"@type":"WebPage","@id":"https:\/\/anabarbickaticic.hr\/en\/fifa-trophy\/","url":"https:\/\/anabarbickaticic.hr\/en\/fifa-trophy\/","name":"FIFA trophy - Ana Barbi\u0107 Kati\u010di\u0107","isPartOf":{"@id":"https:\/\/anabarbickaticic.hr\/en\/#website"},"primaryImageOfPage":{"@id":"https:\/\/anabarbickaticic.hr\/en\/fifa-trophy\/#primaryimage"},"image":{"@id":"https:\/\/anabarbickaticic.hr\/en\/fifa-trophy\/#primaryimage"},"thumbnailUrl":"https:\/\/anabarbickaticic.hr\/wp-content\/uploads\/2025\/05\/fifa-video-link.gif","datePublished":"2025-05-16T16:15:20+00:00","dateModified":"2025-06-18T19:01:25+00:00","breadcrumb":{"@id":"https:\/\/anabarbickaticic.hr\/en\/fifa-trophy\/#breadcrumb"},"inLanguage":"en-US","potentialAction":[{"@type":"ReadAction","target":["https:\/\/anabarbickaticic.hr\/en\/fifa-trophy\/"]}]},{"@type":"ImageObject","inLanguage":"en-US","@id":"https:\/\/anabarbickaticic.hr\/en\/fifa-trophy\/#primaryimage","url":"https:\/\/anabarbickaticic.hr\/wp-content\/uploads\/2025\/05\/fifa-video-link.gif","contentUrl":"https:\/\/anabarbickaticic.hr\/wp-content\/uploads\/2025\/05\/fifa-video-link.gif"},{"@type":"BreadcrumbList","@id":"https:\/\/anabarbickaticic.hr\/en\/fifa-trophy\/#breadcrumb","itemListElement":[{"@type":"ListItem","position":1,"name":"Po\u010detna stranica","item":"https:\/\/anabarbickaticic.hr\/en\/homepage\/"},{"@type":"ListItem","position":2,"name":"FIFA trophy"}]},{"@type":"WebSite","@id":"https:\/\/anabarbickaticic.hr\/en\/#website","url":"https:\/\/anabarbickaticic.hr\/en\/","name":"Ana Barbi\u0107 Kati\u010di\u0107","description":"","publisher":{"@id":"https:\/\/anabarbickaticic.hr\/en\/#organization"},"potentialAction":[{"@type":"SearchAction","target":{"@type":"EntryPoint","urlTemplate":"https:\/\/anabarbickaticic.hr\/en\/?s={search_term_string}"},"query-input":{"@type":"PropertyValueSpecification","valueRequired":true,"valueName":"search_term_string"}}],"inLanguage":"en-US"},{"@type":"Organization","@id":"https:\/\/anabarbickaticic.hr\/en\/#organization","name":"Ana Barbi\u0107 Kati\u010di\u0107","url":"https:\/\/anabarbickaticic.hr\/en\/","logo":{"@type":"ImageObject","inLanguage":"en-US","@id":"https:\/\/anabarbickaticic.hr\/en\/#\/schema\/logo\/image\/","url":"https:\/\/anabarbickaticic.hr\/wp-content\/uploads\/2025\/06\/edra28_sa1-080618-scaled.jpg","contentUrl":"https:\/\/anabarbickaticic.hr\/wp-content\/uploads\/2025\/06\/edra28_sa1-080618-scaled.jpg","width":1707,"height":2560,"caption":"Ana Barbi\u0107 Kati\u010di\u0107"},"image":{"@id":"https:\/\/anabarbickaticic.hr\/en\/#\/schema\/logo\/image\/"}}]}},"_links":{"self":[{"href":"https:\/\/anabarbickaticic.hr\/en\/wp-json\/wp\/v2\/pages\/934","targetHints":{"allow":["GET"]}}],"collection":[{"href":"https:\/\/anabarbickaticic.hr\/en\/wp-json\/wp\/v2\/pages"}],"about":[{"href":"https:\/\/anabarbickaticic.hr\/en\/wp-json\/wp\/v2\/types\/page"}],"author":[{"embeddable":true,"href":"https:\/\/anabarbickaticic.hr\/en\/wp-json\/wp\/v2\/users\/1"}],"replies":[{"embeddable":true,"href":"https:\/\/anabarbickaticic.hr\/en\/wp-json\/wp\/v2\/comments?post=934"}],"version-history":[{"count":9,"href":"https:\/\/anabarbickaticic.hr\/en\/wp-json\/wp\/v2\/pages\/934\/revisions"}],"predecessor-version":[{"id":990,"href":"https:\/\/anabarbickaticic.hr\/en\/wp-json\/wp\/v2\/pages\/934\/revisions\/990"}],"wp:attachment":[{"href":"https:\/\/anabarbickaticic.hr\/en\/wp-json\/wp\/v2\/media?parent=934"}],"curies":[{"name":"wp","href":"https:\/\/api.w.org\/{rel}","templated":true}]}}